{"id":6,"date":"2026-01-06T14:36:43","date_gmt":"2026-01-06T14:36:43","guid":{"rendered":"https:\/\/mediumslateblue-opossum-307142.hostingersite.com\/?page_id=6"},"modified":"2026-02-09T15:55:23","modified_gmt":"2026-02-09T15:55:23","slug":"naslovna","status":"publish","type":"page","link":"https:\/\/slep24h.me\/en\/","title":{"rendered":"Homepage"},"content":{"rendered":"","protected":false},"excerpt":{"rendered":"","protected":false},"author":1,"featured_media":80,"parent":0,"menu_order":0,"comment_status":"closed","ping_status":"closed","template":"","meta":{"footnotes":""},"class_list":["post-6","page","type-page","status-publish","has-post-thumbnail","hentry"],"yoast_head":"<!-- This site is optimized with the Yoast SEO plugin v27.2 - https:\/\/yoast.com\/product\/yoast-seo-wordpress\/ -->\n<title>\u0160lep slu\u017eba Podgorica \u2013 Pomo\u0107 na putu | Auto \u0161lep 24\/7 Crna Gora<\/title>\n<meta name=\"description\" content=\"Auto \u0161lep 24\/7 u Podgorici i cijeloj Crnoj Gori. Brz dolazak, pomo\u0107 na putu, \u0161lep vozila, motora i hitne intervencije. \u0160lep slu\u017eba non-stop.\" \/>\n<meta name=\"robots\" content=\"index, follow, max-snippet:-1, max-image-preview:large, max-video-preview:-1\" \/>\n<link rel=\"canonical\" href=\"https:\/\/slep24h.me\/en\/\" \/>\n<meta property=\"og:locale\" content=\"en_US\" \/>\n<meta property=\"og:type\" content=\"article\" \/>\n<meta property=\"og:title\" content=\"\u0160lep slu\u017eba Podgorica \u2013 Pomo\u0107 na putu | Auto \u0161lep 24\/7 Crna Gora\" \/>\n<meta property=\"og:description\" content=\"Auto \u0161lep 24\/7 u Podgorici i cijeloj Crnoj Gori. Brz dolazak, pomo\u0107 na putu, \u0161lep vozila, motora i hitne intervencije. \u0160lep slu\u017eba non-stop.\" \/>\n<meta property=\"og:url\" content=\"https:\/\/slep24h.me\/en\/\" \/>\n<meta property=\"og:site_name\" content=\"Auto \u0161lep \u0106ele 24\/7\" \/>\n<meta property=\"article:modified_time\" content=\"2026-02-09T15:55:23+00:00\" \/>\n<meta property=\"og:image\" content=\"https:\/\/slep24h.me\/wp-content\/uploads\/2026\/01\/WhatsApp-Image-2026-01-04-at-18.23.15.jpeg\" \/>\n\t<meta property=\"og:image:width\" content=\"1600\" \/>\n\t<meta property=\"og:image:height\" content=\"1200\" \/>\n\t<meta property=\"og:image:type\" content=\"image\/jpeg\" \/>\n<meta name=\"twitter:card\" content=\"summary_large_image\" \/>\n<meta name=\"twitter:label1\" content=\"Est. reading time\" \/>\n\t<meta name=\"twitter:data1\" content=\"1 minute\" \/>\n<script type=\"application\/ld+json\" class=\"yoast-schema-graph\">{\"@context\":\"https:\/\/schema.org\",\"@graph\":[{\"@type\":\"WebPage\",\"@id\":\"https:\/\/slep24h.me\/\",\"url\":\"https:\/\/slep24h.me\/\",\"name\":\"\u0160lep slu\u017eba Podgorica \u2013 Pomo\u0107 na putu | Auto \u0161lep 24\/7 Crna Gora\",\"isPartOf\":{\"@id\":\"https:\/\/slep24h.me\/#website\"},\"primaryImageOfPage\":{\"@id\":\"https:\/\/slep24h.me\/#primaryimage\"},\"image\":{\"@id\":\"https:\/\/slep24h.me\/#primaryimage\"},\"thumbnailUrl\":\"https:\/\/slep24h.me\/wp-content\/uploads\/2026\/01\/WhatsApp-Image-2026-01-04-at-18.23.15.jpeg\",\"datePublished\":\"2026-01-06T14:36:43+00:00\",\"dateModified\":\"2026-02-09T15:55:23+00:00\",\"description\":\"Auto \u0161lep 24\/7 u Podgorici i cijeloj Crnoj Gori. Brz dolazak, pomo\u0107 na putu, \u0161lep vozila, motora i hitne intervencije. \u0160lep slu\u017eba non-stop.\",\"breadcrumb\":{\"@id\":\"https:\/\/slep24h.me\/#breadcrumb\"},\"inLanguage\":\"en-US\",\"potentialAction\":[{\"@type\":\"ReadAction\",\"target\":[\"https:\/\/slep24h.me\/\"]}]},{\"@type\":\"ImageObject\",\"inLanguage\":\"en-US\",\"@id\":\"https:\/\/slep24h.me\/#primaryimage\",\"url\":\"https:\/\/slep24h.me\/wp-content\/uploads\/2026\/01\/WhatsApp-Image-2026-01-04-at-18.23.15.jpeg\",\"contentUrl\":\"https:\/\/slep24h.me\/wp-content\/uploads\/2026\/01\/WhatsApp-Image-2026-01-04-at-18.23.15.jpeg\",\"width\":1600,\"height\":1200,\"caption\":\"\u0160lep slu\u017eba Crna GOra\"},{\"@type\":\"BreadcrumbList\",\"@id\":\"https:\/\/slep24h.me\/#breadcrumb\",\"itemListElement\":[{\"@type\":\"ListItem\",\"position\":1,\"name\":\"Home\",\"item\":\"https:\/\/slep24h.me\/\"},{\"@type\":\"ListItem\",\"position\":2,\"name\":\"Naslovna\"}]},{\"@type\":\"WebSite\",\"@id\":\"https:\/\/slep24h.me\/#website\",\"url\":\"https:\/\/slep24h.me\/\",\"name\":\"Auto \u0161lep \u0106ele 24\/7\",\"description\":\"  Auto \u0161lep 24\/7 Non stop pomo\u0107 na putu\",\"potentialAction\":[{\"@type\":\"SearchAction\",\"target\":{\"@type\":\"EntryPoint\",\"urlTemplate\":\"https:\/\/slep24h.me\/?s={search_term_string}\"},\"query-input\":{\"@type\":\"PropertyValueSpecification\",\"valueRequired\":true,\"valueName\":\"search_term_string\"}}],\"inLanguage\":\"en-US\"}]}<\/script>\n<!-- \/ Yoast SEO plugin. -->","yoast_head_json":{"title":"Towing service Podgorica - Roadside assistance | Car towing 24\/7 Montenegro","description":"Car towing 24\/7 in Podgorica and throughout Montenegro. Fast arrival, roadside assistance, towing vehicles, motorbikes and emergency interventions. 24\/7 tow service.","robots":{"index":"index","follow":"follow","max-snippet":"max-snippet:-1","max-image-preview":"max-image-preview:large","max-video-preview":"max-video-preview:-1"},"canonical":"https:\/\/slep24h.me\/en\/","og_locale":"en_US","og_type":"article","og_title":"\u0160lep slu\u017eba Podgorica \u2013 Pomo\u0107 na putu | Auto \u0161lep 24\/7 Crna Gora","og_description":"Auto \u0161lep 24\/7 u Podgorici i cijeloj Crnoj Gori. Brz dolazak, pomo\u0107 na putu, \u0161lep vozila, motora i hitne intervencije. \u0160lep slu\u017eba non-stop.","og_url":"https:\/\/slep24h.me\/en\/","og_site_name":"Auto \u0161lep \u0106ele 24\/7","article_modified_time":"2026-02-09T15:55:23+00:00","og_image":[{"width":1600,"height":1200,"url":"https:\/\/slep24h.me\/wp-content\/uploads\/2026\/01\/WhatsApp-Image-2026-01-04-at-18.23.15.jpeg","type":"image\/jpeg"}],"twitter_card":"summary_large_image","twitter_misc":{"Est. reading time":"1 minute"},"schema":{"@context":"https:\/\/schema.org","@graph":[{"@type":"WebPage","@id":"https:\/\/slep24h.me\/","url":"https:\/\/slep24h.me\/","name":"Towing service Podgorica - Roadside assistance | Car towing 24\/7 Montenegro","isPartOf":{"@id":"https:\/\/slep24h.me\/#website"},"primaryImageOfPage":{"@id":"https:\/\/slep24h.me\/#primaryimage"},"image":{"@id":"https:\/\/slep24h.me\/#primaryimage"},"thumbnailUrl":"https:\/\/slep24h.me\/wp-content\/uploads\/2026\/01\/WhatsApp-Image-2026-01-04-at-18.23.15.jpeg","datePublished":"2026-01-06T14:36:43+00:00","dateModified":"2026-02-09T15:55:23+00:00","description":"Car towing 24\/7 in Podgorica and throughout Montenegro. Fast arrival, roadside assistance, towing vehicles, motorbikes and emergency interventions. 24\/7 tow service.","breadcrumb":{"@id":"https:\/\/slep24h.me\/#breadcrumb"},"inLanguage":"en-US","potentialAction":[{"@type":"ReadAction","target":["https:\/\/slep24h.me\/"]}]},{"@type":"ImageObject","inLanguage":"en-US","@id":"https:\/\/slep24h.me\/#primaryimage","url":"https:\/\/slep24h.me\/wp-content\/uploads\/2026\/01\/WhatsApp-Image-2026-01-04-at-18.23.15.jpeg","contentUrl":"https:\/\/slep24h.me\/wp-content\/uploads\/2026\/01\/WhatsApp-Image-2026-01-04-at-18.23.15.jpeg","width":1600,"height":1200,"caption":"\u0160lep slu\u017eba Crna GOra"},{"@type":"BreadcrumbList","@id":"https:\/\/slep24h.me\/#breadcrumb","itemListElement":[{"@type":"ListItem","position":1,"name":"Home","item":"https:\/\/slep24h.me\/"},{"@type":"ListItem","position":2,"name":"Naslovna"}]},{"@type":"WebSite","@id":"https:\/\/slep24h.me\/#website","url":"https:\/\/slep24h.me\/","name":"Auto tow \u0106ele 24\/7","description":"Auto \u0161lep 24\/7 Non stop pomo\u0107 na putu","potentialAction":[{"@type":"SearchAction","target":{"@type":"EntryPoint","urlTemplate":"https:\/\/slep24h.me\/?s={search_term_string}"},"query-input":{"@type":"PropertyValueSpecification","valueRequired":true,"valueName":"search_term_string"}}],"inLanguage":"en-US"}]}},"_links":{"self":[{"href":"https:\/\/slep24h.me\/en\/wp-json\/wp\/v2\/pages\/6","targetHints":{"allow":["GET"]}}],"collection":[{"href":"https:\/\/slep24h.me\/en\/wp-json\/wp\/v2\/pages"}],"about":[{"href":"https:\/\/slep24h.me\/en\/wp-json\/wp\/v2\/types\/page"}],"author":[{"embeddable":true,"href":"https:\/\/slep24h.me\/en\/wp-json\/wp\/v2\/users\/1"}],"replies":[{"embeddable":true,"href":"https:\/\/slep24h.me\/en\/wp-json\/wp\/v2\/comments?post=6"}],"version-history":[{"count":1,"href":"https:\/\/slep24h.me\/en\/wp-json\/wp\/v2\/pages\/6\/revisions"}],"predecessor-version":[{"id":8,"href":"https:\/\/slep24h.me\/en\/wp-json\/wp\/v2\/pages\/6\/revisions\/8"}],"wp:featuredmedia":[{"embeddable":true,"href":"https:\/\/slep24h.me\/en\/wp-json\/wp\/v2\/media\/80"}],"wp:attachment":[{"href":"https:\/\/slep24h.me\/en\/wp-json\/wp\/v2\/media?parent=6"}],"curies":[{"name":"wp","href":"https:\/\/api.w.org\/{rel}","templated":true}]}}